
{"id":341,"date":"2018-01-02T17:43:56","date_gmt":"2018-01-02T16:43:56","guid":{"rendered":"https:\/\/parisismagic.com\/contact\/"},"modified":"2020-09-04T09:47:18","modified_gmt":"2020-09-04T07:47:18","slug":"contact","status":"publish","type":"page","link":"https:\/\/parisismagic.com\/pt-br\/contact\/","title":{"rendered":"Contato"},"content":{"rendered":"<div  class='av_gmaps_sc_main_wrap av_gmaps_main_wrap '><div id='av_gmap_0' class='avia-google-map-container avia-google-map-sc av_gmaps_show_unconditionally av-no-fallback-img ' data-mapid='av_gmap_0'  style='height: 400px;'><a class=\"av_gmaps_browser_disabled av_text_confirm_link av_text_confirm_link_visible\" href=\"https:\/\/www.google.com\/maps\/search\/?api=1&#038;query=53%20Avenue%20de%20la%20Grande-Arm\u00e9e,%2075016%20%20Paris%20%20France\" target=\"_blank\">Maps were disabled by the visitor on this site. Click to open the map in a new window.<\/a><\/div><\/div>\n<div id='av_section_1'  class='avia-section av-1e2sq5-c490a05b0d7be2d0413641436565d17b main_color avia-section-no-padding avia-no-border-styling  avia-builder-el-1  el_after_av_google_map  avia-builder-el-last  avia-bg-style-scroll container_wrap fullsize'  ><div class='container av-section-cont-open' ><div class='template-page content  av-content-full alpha units'><div class='post-entry post-entry-type-page post-entry-341'><div class='entry-content-wrapper clearfix'>\n\n<style type=\"text\/css\" data-created_by=\"avia_inline_auto\" id=\"style-css-av-1a3mel-9914b77e517a3a92a4aa084decff5097\">\n.flex_column.av-1a3mel-9914b77e517a3a92a4aa084decff5097{\nborder-radius:0px 0px 0px 0px;\npadding:30px 30px 30px 30px;\n}\n<\/style>\n<div  class='flex_column av-1a3mel-9914b77e517a3a92a4aa084decff5097 av_one_half  avia-builder-el-2  el_before_av_one_half  avia-builder-el-first  first flex_column_div  '     ><style type=\"text\/css\" data-created_by=\"avia_inline_auto\" id=\"style-css-av-jid8e7k6-b00e6c7241b94209f36a9e750b8356be\">\n.iconbox.av-jid8e7k6-b00e6c7241b94209f36a9e750b8356be .iconbox_icon{\nbackground-color:#ffc400;\ncolor:#000000;\n}\n.iconbox.av-jid8e7k6-b00e6c7241b94209f36a9e750b8356be .iconbox_icon.avia-svg-icon svg:first-child{\nfill:#000000;\nstroke:#000000;\n}\n<\/style>\n<article  class='iconbox iconbox_top av-jid8e7k6-b00e6c7241b94209f36a9e750b8356be  avia-builder-el-3  el_before_av_icon_box  avia-builder-el-first  main_color'  itemscope=\"itemscope\" itemtype=\"https:\/\/schema.org\/CreativeWork\" ><div class=\"iconbox_content\"><header class=\"entry-content-header\" aria-label=\"Icon: 53 avenue de la Grande-Arm\u00e9e, 75016 Paris, France\"><a href='https:\/\/www.google.fr\/maps\/place\/53+Avenue+de+la+Grande-Arm%C3%A9e,+75116+Paris\/@48.8756304,2.2859674,17z\/data=!3m1!4b1!4m5!3m4!1s0x47e66ff2f1f24669:0xf0c43c5f2be88af5!8m2!3d48.8756304!4d2.2881561?hl=fr' title='53 avenue de la Grande-Arm\u00e9e, 75016 Paris, France' aria-label='53 avenue de la Grande-Arm\u00e9e, 75016 Paris, France'  target=\"_blank\"  rel=\"noopener noreferrer\" class='iconbox_icon heading-color avia-iconfont avia-font-entypo-fontello' data-av_icon='\ue842' data-av_iconfont='entypo-fontello' title=\"53 avenue de la Grande-Arm\u00e9e, 75016 Paris, France\" desc=\"53 avenue de la Grande-Arm\u00e9e, 75016 Paris, France\" ><\/a><h3 class='iconbox_content_title '  itemprop=\"headline\" ><a href='https:\/\/www.google.fr\/maps\/place\/53+Avenue+de+la+Grande-Arm%C3%A9e,+75116+Paris\/@48.8756304,2.2859674,17z\/data=!3m1!4b1!4m5!3m4!1s0x47e66ff2f1f24669:0xf0c43c5f2be88af5!8m2!3d48.8756304!4d2.2881561?hl=fr' title='53 avenue de la Grande-Arm\u00e9e, 75016 Paris, France'  target=\"_blank\"  rel=\"noopener noreferrer\">53 avenue de la Grande-Arm\u00e9e, 75016 Paris, France<\/a><\/h3><\/header><div class='iconbox_content_container '  itemprop=\"text\" ><div class=\"oSioSc\">\n<div id=\"tw-target\">\n<div id=\"tw-target-text-container\" class=\"tw-ta-container tw-nfl\">\n<p id=\"tw-target-text\" class=\"tw-data-text tw-ta tw-text-medium\" dir=\"ltr\" data-placeholder=\"Traduction\"><span lang=\"pt\"><span id=\"result_box\" class=\"short_text\" lang=\"pt\"><span class=\"\">Segunda-feira 9h-10h<\/span><\/span><\/span><\/p>\n<p class=\"tw-data-text tw-ta tw-text-medium\" dir=\"ltr\" data-placeholder=\"Traduction\"><span lang=\"pt\">De ter\u00e7a a s\u00e1bado, das 09:00 h \u00e0s 17:00 h<\/span><\/p>\n<\/div>\n<\/div>\n<\/div>\n<\/div><\/div><footer class=\"entry-footer\"><\/footer><\/article><br \/>\n\n<style type=\"text\/css\" data-created_by=\"avia_inline_auto\" id=\"style-css-av-jid8f36d-4218a4ababa859fb5bfd6ae9d24873c9\">\n.iconbox.av-jid8f36d-4218a4ababa859fb5bfd6ae9d24873c9 .iconbox_icon{\nbackground-color:#ffc400;\ncolor:#000000;\n}\n.iconbox.av-jid8f36d-4218a4ababa859fb5bfd6ae9d24873c9 .iconbox_icon.avia-svg-icon svg:first-child{\nfill:#000000;\nstroke:#000000;\n}\n<\/style>\n<article  class='iconbox iconbox_top av-jid8f36d-4218a4ababa859fb5bfd6ae9d24873c9  avia-builder-el-4  el_after_av_icon_box  el_before_av_icon_box  main_color'  itemscope=\"itemscope\" itemtype=\"https:\/\/schema.org\/CreativeWork\" ><div class=\"iconbox_content\"><header class=\"entry-content-header\" aria-label=\"Icon: Metr\u00f4 Argentine - Linha 1\"><a href='https:\/\/parisismagic.com\/sitev2\/wp-content\/uploads\/2018\/02\/metro-paris-Parisismagic-Darcos.jpg' title='Metr\u00f4 Argentine - Linha 1' aria-label='Metr\u00f4 Argentine - Linha 1'  class='iconbox_icon heading-color avia-iconfont avia-font-entypo-fontello' data-av_icon='\ue843' data-av_iconfont='entypo-fontello' title=\"Metr\u00f4 Argentine - Linha 1\" desc=\"Metr\u00f4 Argentine - Linha 1\" ><\/a><h3 class='iconbox_content_title '  itemprop=\"headline\" ><a href='https:\/\/parisismagic.com\/sitev2\/wp-content\/uploads\/2018\/02\/metro-paris-Parisismagic-Darcos.jpg' title='Metr\u00f4 Argentine - Linha 1' >Metr\u00f4 Argentine - Linha 1<\/a><\/h3><\/header><div class='iconbox_content_container '  itemprop=\"text\" ><\/div><\/div><footer class=\"entry-footer\"><\/footer><\/article><br \/>\n\n<style type=\"text\/css\" data-created_by=\"avia_inline_auto\" id=\"style-css-av-159k79-286995b05d17ed49bafd21eafdda99ee\">\n.iconbox.av-159k79-286995b05d17ed49bafd21eafdda99ee .iconbox_icon{\nbackground-color:#ffc400;\ncolor:#000000;\n}\n.iconbox.av-159k79-286995b05d17ed49bafd21eafdda99ee .iconbox_icon.avia-svg-icon svg:first-child{\nfill:#000000;\nstroke:#000000;\n}\n<\/style>\n<article  class='iconbox iconbox_top av-159k79-286995b05d17ed49bafd21eafdda99ee av-icon-style-no-border  avia-builder-el-5  el_after_av_icon_box  el_before_av_icon_box  main_color'  itemscope=\"itemscope\" itemtype=\"https:\/\/schema.org\/CreativeWork\" ><div class=\"iconbox_content\"><header class=\"entry-content-header\" aria-label=\"Icon: +33 6 48 82 32 24\"><div class='iconbox_icon heading-color avia-iconfont avia-font-entypo-fontello' data-av_icon='' data-av_iconfont='entypo-fontello'  ><\/div><h3 class='iconbox_content_title '  itemprop=\"headline\" >+33 6 48 82 32 24<\/h3><\/header><div class='iconbox_content_container '  itemprop=\"text\" ><\/div><\/div><footer class=\"entry-footer\"><\/footer><\/article><br \/>\n\n<style type=\"text\/css\" data-created_by=\"avia_inline_auto\" id=\"style-css-av-v25cl-23352de1bc5614624a9805b9cf41ebca\">\n.iconbox.av-v25cl-23352de1bc5614624a9805b9cf41ebca .iconbox_icon{\nbackground-color:#ffc400;\ncolor:#000000;\n}\n.iconbox.av-v25cl-23352de1bc5614624a9805b9cf41ebca .iconbox_icon.avia-svg-icon svg:first-child{\nfill:#000000;\nstroke:#000000;\n}\n<\/style>\n<article  class='iconbox iconbox_top av-v25cl-23352de1bc5614624a9805b9cf41ebca  avia-builder-el-6  el_after_av_icon_box  avia-builder-el-last  main_color'  itemscope=\"itemscope\" itemtype=\"https:\/\/schema.org\/CreativeWork\" ><div class=\"iconbox_content\"><header class=\"entry-content-header\" aria-label=\"Icon: contact@parisismagic.com\"><a href='mailto:contact@parisismagic.com' title='contact@parisismagic.com' aria-label='contact@parisismagic.com'  class='iconbox_icon heading-color avia-iconfont avia-font-entypo-fontello' data-av_icon='\ue805' data-av_iconfont='entypo-fontello' title=\"contact@parisismagic.com\" desc=\"contact@parisismagic.com\" ><\/a><h3 class='iconbox_content_title '  itemprop=\"headline\" ><a href='mailto:contact@parisismagic.com' title='contact@parisismagic.com' >contact@parisismagic.com<\/a><\/h3><\/header><div class='iconbox_content_container '  itemprop=\"text\" ><\/div><\/div><footer class=\"entry-footer\"><\/footer><\/article><\/p><\/div>\n<style type=\"text\/css\" data-created_by=\"avia_inline_auto\" id=\"style-css-av-rj9g5-c6add74e412dcb7f19af661d2e1f7f96\">\n.flex_column.av-rj9g5-c6add74e412dcb7f19af661d2e1f7f96{\nborder-radius:0px 0px 0px 0px;\npadding:30px 30px 30px 30px;\nbackground-color:#f0f0f0;\n}\n<\/style>\n<div  class='flex_column av-rj9g5-c6add74e412dcb7f19af661d2e1f7f96 av_one_half  avia-builder-el-7  el_after_av_one_half  avia-builder-el-last  flex_column_div  '     ><form action=\"https:\/\/parisismagic.com\/pt-br\/contact\/\" method=\"post\" data-fields-with-error=\"Found errors in the following field(s):\" class=\"avia_ajax_form av-form-labels-visible   avia-builder-el-8  avia-builder-el-no-sibling   \" data-avia-form-id=\"1\" data-avia-redirect='' ><h3 class=''>Envie-nos um email<\/h3><fieldset><p class='  first_form  form_element form_fullwidth' id='element_avia_1_1'><label for=\"avia_1_1\">Nome <abbr class=\"required\" title=\"required\">*<\/abbr><\/label> <input name=\"avia_1_1\" class=\"text_input is_empty\" type=\"text\" id=\"avia_1_1\" value=\"\" \/><\/p><p class='  first_form  form_element form_fullwidth' id='element_avia_2_1'><label for=\"avia_2_1\">E-mail <abbr class=\"required\" title=\"required\">*<\/abbr><\/label> <input name=\"avia_2_1\" class=\"text_input is_email\" type=\"text\" id=\"avia_2_1\" value=\"\" \/><\/p><p class='  first_form  form_element form_fullwidth av-last-visible-form-element' id='element_avia_3_1'><label for=\"avia_3_1\" class=\"textare_label hidden textare_label_avia_3_1\">Mensagem <abbr class=\"required\" title=\"required\">*<\/abbr><\/label><textarea  name=\"avia_3_1\" class=\"text_area is_empty\" cols=\"40\" rows=\"7\" id=\"avia_3_1\" ><\/textarea><\/p><p class=\"hidden\"><input type=\"text\" name=\"avia_4_1\" class=\"hidden \" id=\"avia_4_1\" value=\"\" \/><\/p><p class=\"form_element \"><input type=\"hidden\" value=\"1\" name=\"avia_generated_form1\" \/><input type=\"submit\" value=\"Enviar\" class=\"button\"  data-sending-label=\"Sending\"\/><\/p><\/fieldset><\/form><div id=\"ajaxresponse_1\" class=\"ajaxresponse ajaxresponse_1 hidden\"><\/div><\/div>\n","protected":false},"excerpt":{"rendered":"","protected":false},"author":1,"featured_media":0,"parent":0,"menu_order":0,"comment_status":"closed","ping_status":"closed","template":"","meta":{"footnotes":""},"class_list":["post-341","page","type-page","status-publish","hentry"],"_links":{"self":[{"href":"https:\/\/parisismagic.com\/pt-br\/wp-json\/wp\/v2\/pages\/341","targetHints":{"allow":["GET"]}}],"collection":[{"href":"https:\/\/parisismagic.com\/pt-br\/wp-json\/wp\/v2\/pages"}],"about":[{"href":"https:\/\/parisismagic.com\/pt-br\/wp-json\/wp\/v2\/types\/page"}],"author":[{"embeddable":true,"href":"https:\/\/parisismagic.com\/pt-br\/wp-json\/wp\/v2\/users\/1"}],"replies":[{"embeddable":true,"href":"https:\/\/parisismagic.com\/pt-br\/wp-json\/wp\/v2\/comments?post=341"}],"version-history":[{"count":6,"href":"https:\/\/parisismagic.com\/pt-br\/wp-json\/wp\/v2\/pages\/341\/revisions"}],"predecessor-version":[{"id":451,"href":"https:\/\/parisismagic.com\/pt-br\/wp-json\/wp\/v2\/pages\/341\/revisions\/451"}],"wp:attachment":[{"href":"https:\/\/parisismagic.com\/pt-br\/wp-json\/wp\/v2\/media?parent=341"}],"curies":[{"name":"wp","href":"https:\/\/api.w.org\/{rel}","templated":true}]}}